{"id":4966,"date":"2020-11-25T19:52:26","date_gmt":"2020-11-25T19:52:26","guid":{"rendered":"https:\/\/2021jlid.de\/podcast\/"},"modified":"2021-04-22T09:16:28","modified_gmt":"2021-04-22T09:16:28","slug":"podcast","status":"publish","type":"page","link":"https:\/\/2021jlid.de\/en\/podcast\/","title":{"rendered":"Podcast"},"content":{"rendered":"<div class='wp-block-jlid-authors-teaser'><h2 class='teaser-headline'>die Moderator*innen<\/h2><div class='teaser-items-grid'><div class='jlid-author-teaser-item'><div class='author-teaser-picture'><img width=\"536\" height=\"306\" src=\"https:\/\/2021jlid.de\/wp-content\/uploads\/2020\/11\/Mirna_Funk-536x306.jpg\" class=\"attachment-jlid_thumb_536_306 size-jlid_thumb_536_306 wp-post-image\" alt=\"Portr\u00e4t von Podcast Moderatorin Mirna Funk\" loading=\"lazy\" srcset=\"https:\/\/2021jlid.de\/wp-content\/uploads\/2020\/11\/Mirna_Funk-536x306.jpg 536w, https:\/\/2021jlid.de\/wp-content\/uploads\/2020\/11\/Mirna_Funk-463x264.jpg 463w\" sizes=\"(max-width: 536px) 100vw, 536px\" \/><\/div><div class=\"author-teaser-wrapper\"><div class='decoration pink'><svg xmlns=\"http:\/\/www.w3.org\/2000\/svg\"\n     class=\"angle-right\"\n     width=\"100%\"\n     height=\"100%\"\n     viewBox=\"50 0 50 100\"\n     preserveAspectRatio=\"none\">\n  <path d=\"M 0 100 L 100 0 L 100 100 Z\"\n        class=\"path\"\n        fill=\"#333333\"\/>\n<\/svg>\n<svg xmlns=\"http:\/\/www.w3.org\/2000\/svg\"\n     class=\"angle-left\"\n     width=\"100%\"\n     height=\"100%\"\n     viewBox=\"0 0 50 100\"\n     preserveAspectRatio=\"none\">\n  <path d=\"M 0 0 L 0 100 L 100 100 Z\"\n        class=\"path\"\n        fill=\"#333333\"\/>\n<\/svg>\n<\/div><div class='author-teaser-name'>Mirna Funk<\/div><div class='author-teaser-subtitle'>Moderatorin<\/div><div class='author-teaser-text'>Mirna Funk ist die literarische Stimme der jungen j\u00fcdischen Generation. Zwischen Berlin und Tel Aviv denkt sie \u00fcber die vielen Facetten j\u00fcdischen Lebens in unserer Gegenwart nach. Im Fr\u00fchjahr 2021 erschien ihr zweiter Roman. <\/div><a class='author-teaser-link' href='https:\/\/2021jlid.de\/moderatoren\/mirna-funk\/'>Learn more<\/a><\/div><\/div><div class='jlid-author-teaser-item'><div class='author-teaser-picture'><img width=\"536\" height=\"306\" src=\"https:\/\/2021jlid.de\/wp-content\/uploads\/2020\/11\/Podcast_2021JLID_Shelly-Kupferberg-536x306.jpg\" class=\"attachment-jlid_thumb_536_306 size-jlid_thumb_536_306 wp-post-image\" alt=\"Podcast Moderatorin Shelly Kupferberg\" loading=\"lazy\" srcset=\"https:\/\/2021jlid.de\/wp-content\/uploads\/2020\/11\/Podcast_2021JLID_Shelly-Kupferberg-536x306.jpg 536w, https:\/\/2021jlid.de\/wp-content\/uploads\/2020\/11\/Podcast_2021JLID_Shelly-Kupferberg-463x264.jpg 463w\" sizes=\"(max-width: 536px) 100vw, 536px\" \/><\/div><div class=\"author-teaser-wrapper\"><div class='decoration red'><svg xmlns=\"http:\/\/www.w3.org\/2000\/svg\"\n     class=\"angle-right\"\n     width=\"100%\"\n     height=\"100%\"\n     viewBox=\"50 0 50 100\"\n     preserveAspectRatio=\"none\">\n  <path d=\"M 0 100 L 100 0 L 100 100 Z\"\n        class=\"path\"\n        fill=\"#333333\"\/>\n<\/svg>\n<svg xmlns=\"http:\/\/www.w3.org\/2000\/svg\"\n     class=\"angle-left\"\n     width=\"100%\"\n     height=\"100%\"\n     viewBox=\"0 0 50 100\"\n     preserveAspectRatio=\"none\">\n  <path d=\"M 0 0 L 0 100 L 100 100 Z\"\n        class=\"path\"\n        fill=\"#333333\"\/>\n<\/svg>\n<\/div><div class='author-teaser-name'>Shelly Kupferberg<\/div><div class='author-teaser-subtitle'>Moderatorin<\/div><div class='author-teaser-text'>Shelly Kupferberg ist seit 25 Jahren die Stimme zahlreicher Kultursendungen. Als Moderatorin ist sie die geborene Vermittlerin von kultureller Vielfalt: selbstbewusst, offen und die alten Fragen neu reflektierend. <\/div><a class='author-teaser-link' href='https:\/\/2021jlid.de\/moderatoren\/shelly-kupferberg\/'>Learn more<\/a><\/div><\/div><div class='jlid-author-teaser-item'><div class='author-teaser-picture'><img width=\"536\" height=\"306\" src=\"https:\/\/2021jlid.de\/wp-content\/uploads\/2020\/11\/Miron_Tenenberg-536x306.jpg\" class=\"attachment-jlid_thumb_536_306 size-jlid_thumb_536_306 wp-post-image\" alt=\"Portr\u00e4t von Podcast Moderator Miron Tenenberg\" loading=\"lazy\" srcset=\"https:\/\/2021jlid.de\/wp-content\/uploads\/2020\/11\/Miron_Tenenberg-536x306.jpg 536w, https:\/\/2021jlid.de\/wp-content\/uploads\/2020\/11\/Miron_Tenenberg-463x264.jpg 463w\" sizes=\"(max-width: 536px) 100vw, 536px\" \/><\/div><div class=\"author-teaser-wrapper\"><div class='decoration blue'><svg xmlns=\"http:\/\/www.w3.org\/2000\/svg\"\n     class=\"angle-right\"\n     width=\"100%\"\n     height=\"100%\"\n     viewBox=\"50 0 50 100\"\n     preserveAspectRatio=\"none\">\n  <path d=\"M 0 100 L 100 0 L 100 100 Z\"\n        class=\"path\"\n        fill=\"#333333\"\/>\n<\/svg>\n<svg xmlns=\"http:\/\/www.w3.org\/2000\/svg\"\n     class=\"angle-left\"\n     width=\"100%\"\n     height=\"100%\"\n     viewBox=\"0 0 50 100\"\n     preserveAspectRatio=\"none\">\n  <path d=\"M 0 0 L 0 100 L 100 100 Z\"\n        class=\"path\"\n        fill=\"#333333\"\/>\n<\/svg>\n<\/div><div class='author-teaser-name'>Miron Tenenberg<\/div><div class='author-teaser-subtitle'>Moderator<\/div><div class='author-teaser-text'>Miron Tenenberg ist seit vielen Jahren die unverwechselbar sonore Stimme der Sendung \u201eAus der j\u00fcdischen Welt\u201c im Deutschlandfunk. Dar\u00fcber hinaus ist er ein gro\u00dfer Kenner j\u00fcdischer Musik. Was ihn antreibt, ist seine gro\u00dfe Neugierde auf Menschen \u2013 ihre Geschichten und Gedanken. <\/div><a class='author-teaser-link' href='https:\/\/2021jlid.de\/moderatoren\/miron-tenenberg\/'>Learn more<\/a><\/div><\/div><\/div><\/div>\n\n\n\n\n<div style=\"height:100px\" aria-hidden=\"true\" class=\"wp-block-spacer\"><\/div>\n\n\n\n<div style=\"height:100px\" aria-hidden=\"true\" class=\"wp-block-spacer\"><\/div>\n\n\n\n<p><\/p>\n","protected":false},"excerpt":{"rendered":"","protected":false},"author":1,"featured_media":0,"parent":0,"menu_order":0,"comment_status":"closed","ping_status":"closed","template":"templates\/service_page_template.php","meta":{"_relevanssi_hide_post":"","_relevanssi_pin_for_all":"","_relevanssi_pin_keywords":"","_relevanssi_unpin_keywords":"","_relevanssi_related_keywords":"","_relevanssi_related_include_ids":"","_relevanssi_related_exclude_ids":"","_relevanssi_related_no_append":"","_relevanssi_related_not_related":"","_relevanssi_related_posts":"","_relevanssi_noindex_reason":""},"yoast_head":"<!-- This site is optimized with the Yoast SEO plugin v19.4 - https:\/\/yoast.com\/wordpress\/plugins\/seo\/ -->\n<title>Podcast - JLID2021<\/title>\n<meta name=\"description\" content=\"Ab Januar 2021 werden Mirna Funk, Shelly Kupferberg und Miron Tenenberg w\u00f6chentlich im Wechsel mit spannenden G\u00e4sten \u00fcber das Thema j\u00fcdisches Leben in Deutschland sprechen. Wir machen die Diversit\u00e4t j\u00fcdischen Lebens in Deutschland h\u00f6rbar!\" \/>\n<meta name=\"robots\" content=\"index, follow, max-snippet:-1, max-image-preview:large, max-video-preview:-1\" \/>\n<link rel=\"canonical\" href=\"https:\/\/2021jlid.de\/en\/podcast\/\" \/>\n<meta property=\"og:locale\" content=\"en_US\" \/>\n<meta property=\"og:type\" content=\"article\" \/>\n<meta property=\"og:title\" content=\"Podcast - JLID2021\" \/>\n<meta property=\"og:description\" content=\"Ab Januar 2021 werden Mirna Funk, Shelly Kupferberg und Miron Tenenberg w\u00f6chentlich im Wechsel mit spannenden G\u00e4sten \u00fcber das Thema j\u00fcdisches Leben in Deutschland sprechen. Wir machen die Diversit\u00e4t j\u00fcdischen Lebens in Deutschland h\u00f6rbar!\" \/>\n<meta property=\"og:url\" content=\"https:\/\/2021jlid.de\/en\/podcast\/\" \/>\n<meta property=\"og:site_name\" content=\"JLID2021\" \/>\n<meta property=\"article:modified_time\" content=\"2021-04-22T09:16:28+00:00\" \/>\n<meta name=\"twitter:card\" content=\"summary_large_image\" \/>\n<script type=\"application\/ld+json\" class=\"yoast-schema-graph\">{\"@context\":\"https:\/\/schema.org\",\"@graph\":[{\"@type\":\"WebSite\",\"@id\":\"https:\/\/2021jlid.de\/#website\",\"url\":\"https:\/\/2021jlid.de\/\",\"name\":\"JLID2021\",\"description\":\"J\u00fcdisches Leben in Deutschland\",\"potentialAction\":[{\"@type\":\"SearchAction\",\"target\":{\"@type\":\"EntryPoint\",\"urlTemplate\":\"https:\/\/2021jlid.de\/?s={search_term_string}\"},\"query-input\":\"required name=search_term_string\"}],\"inLanguage\":\"en-US\"},{\"@type\":\"WebPage\",\"@id\":\"https:\/\/2021jlid.de\/en\/podcast\/\",\"url\":\"https:\/\/2021jlid.de\/en\/podcast\/\",\"name\":\"Podcast - JLID2021\",\"isPartOf\":{\"@id\":\"https:\/\/2021jlid.de\/#website\"},\"datePublished\":\"2020-11-25T19:52:26+00:00\",\"dateModified\":\"2021-04-22T09:16:28+00:00\",\"description\":\"Ab Januar 2021 werden Mirna Funk, Shelly Kupferberg und Miron Tenenberg w\u00f6chentlich im Wechsel mit spannenden G\u00e4sten \u00fcber das Thema j\u00fcdisches Leben in Deutschland sprechen. Wir machen die Diversit\u00e4t j\u00fcdischen Lebens in Deutschland h\u00f6rbar!\",\"breadcrumb\":{\"@id\":\"https:\/\/2021jlid.de\/en\/podcast\/#breadcrumb\"},\"inLanguage\":\"en-US\",\"potentialAction\":[{\"@type\":\"ReadAction\",\"target\":[\"https:\/\/2021jlid.de\/en\/podcast\/\"]}]},{\"@type\":\"BreadcrumbList\",\"@id\":\"https:\/\/2021jlid.de\/en\/podcast\/#breadcrumb\",\"itemListElement\":[{\"@type\":\"ListItem\",\"position\":1,\"name\":\"Start\",\"item\":\"https:\/\/2021jlid.de\/en\/\"},{\"@type\":\"ListItem\",\"position\":2,\"name\":\"Podcast\"}]}]}<\/script>\n<!-- \/ Yoast SEO plugin. -->","yoast_head_json":{"title":"Podcast - JLID2021","description":"Ab Januar 2021 werden Mirna Funk, Shelly Kupferberg und Miron Tenenberg w\u00f6chentlich im Wechsel mit spannenden G\u00e4sten \u00fcber das Thema j\u00fcdisches Leben in Deutschland sprechen. Wir machen die Diversit\u00e4t j\u00fcdischen Lebens in Deutschland h\u00f6rbar!","robots":{"index":"index","follow":"follow","max-snippet":"max-snippet:-1","max-image-preview":"max-image-preview:large","max-video-preview":"max-video-preview:-1"},"canonical":"https:\/\/2021jlid.de\/en\/podcast\/","og_locale":"en_US","og_type":"article","og_title":"Podcast - JLID2021","og_description":"Ab Januar 2021 werden Mirna Funk, Shelly Kupferberg und Miron Tenenberg w\u00f6chentlich im Wechsel mit spannenden G\u00e4sten \u00fcber das Thema j\u00fcdisches Leben in Deutschland sprechen. Wir machen die Diversit\u00e4t j\u00fcdischen Lebens in Deutschland h\u00f6rbar!","og_url":"https:\/\/2021jlid.de\/en\/podcast\/","og_site_name":"JLID2021","article_modified_time":"2021-04-22T09:16:28+00:00","twitter_card":"summary_large_image","schema":{"@context":"https:\/\/schema.org","@graph":[{"@type":"WebSite","@id":"https:\/\/2021jlid.de\/#website","url":"https:\/\/2021jlid.de\/","name":"JLID2021","description":"J\u00fcdisches Leben in Deutschland","potentialAction":[{"@type":"SearchAction","target":{"@type":"EntryPoint","urlTemplate":"https:\/\/2021jlid.de\/?s={search_term_string}"},"query-input":"required name=search_term_string"}],"inLanguage":"en-US"},{"@type":"WebPage","@id":"https:\/\/2021jlid.de\/en\/podcast\/","url":"https:\/\/2021jlid.de\/en\/podcast\/","name":"Podcast - JLID2021","isPartOf":{"@id":"https:\/\/2021jlid.de\/#website"},"datePublished":"2020-11-25T19:52:26+00:00","dateModified":"2021-04-22T09:16:28+00:00","description":"Ab Januar 2021 werden Mirna Funk, Shelly Kupferberg und Miron Tenenberg w\u00f6chentlich im Wechsel mit spannenden G\u00e4sten \u00fcber das Thema j\u00fcdisches Leben in Deutschland sprechen. Wir machen die Diversit\u00e4t j\u00fcdischen Lebens in Deutschland h\u00f6rbar!","breadcrumb":{"@id":"https:\/\/2021jlid.de\/en\/podcast\/#breadcrumb"},"inLanguage":"en-US","potentialAction":[{"@type":"ReadAction","target":["https:\/\/2021jlid.de\/en\/podcast\/"]}]},{"@type":"BreadcrumbList","@id":"https:\/\/2021jlid.de\/en\/podcast\/#breadcrumb","itemListElement":[{"@type":"ListItem","position":1,"name":"Start","item":"https:\/\/2021jlid.de\/en\/"},{"@type":"ListItem","position":2,"name":"Podcast"}]}]}},"_links":{"self":[{"href":"https:\/\/2021jlid.de\/en\/wp-json\/wp\/v2\/pages\/4966"}],"collection":[{"href":"https:\/\/2021jlid.de\/en\/wp-json\/wp\/v2\/pages"}],"about":[{"href":"https:\/\/2021jlid.de\/en\/wp-json\/wp\/v2\/types\/page"}],"author":[{"embeddable":true,"href":"https:\/\/2021jlid.de\/en\/wp-json\/wp\/v2\/users\/1"}],"replies":[{"embeddable":true,"href":"https:\/\/2021jlid.de\/en\/wp-json\/wp\/v2\/comments?post=4966"}],"version-history":[{"count":2,"href":"https:\/\/2021jlid.de\/en\/wp-json\/wp\/v2\/pages\/4966\/revisions"}],"predecessor-version":[{"id":4972,"href":"https:\/\/2021jlid.de\/en\/wp-json\/wp\/v2\/pages\/4966\/revisions\/4972"}],"wp:attachment":[{"href":"https:\/\/2021jlid.de\/en\/wp-json\/wp\/v2\/media?parent=4966"}],"curies":[{"name":"wp","href":"https:\/\/api.w.org\/{rel}","templated":true}]}}